{"id":9043,"date":"2021-06-24T14:16:21","date_gmt":"2021-06-24T14:16:21","guid":{"rendered":"https:\/\/forms.godo.is\/pricing\/"},"modified":"2021-07-24T10:50:22","modified_gmt":"2021-07-24T10:50:22","slug":"pricing","status":"publish","type":"page","link":"https:\/\/forms.godo.is\/en\/pricing\/","title":{"rendered":"Pricing"},"content":{"rendered":"\t\t<div data-elementor-type=\"wp-page\" data-elementor-id=\"9043\" class=\"elementor elementor-9043\" data-elementor-post-type=\"page\">\n\t\t\t\t\t\t<section class=\"elementor-section elementor-top-section elementor-element elementor-element-1e980851 elementor-section-height-min-height elementor-reverse-mobile elementor-section-boxed elementor-section-height-default elementor-section-items-middle\" data-id=\"1e980851\" data-element_type=\"section\" data-e-type=\"section\" data-settings=\"{&quot;background_background&quot;:&quot;classic&quot;}\">\n\t\t\t\t\t\t<div class=\"elementor-container elementor-column-gap-default\">\n\t\t\t\t\t<div class=\"elementor-column elementor-col-50 elementor-top-column elementor-element elementor-element-2f09a751\" data-id=\"2f09a751\" data-element_type=\"column\" data-e-type=\"column\">\n\t\t\t<div class=\"elementor-widget-wrap elementor-element-populated\">\n\t\t\t\t\t\t<div class=\"elementor-element elementor-element-f422d20 elementor-widget elementor-widget-heading\" data-id=\"f422d20\" data-element_type=\"widget\" data-e-type=\"widget\" data-widget_type=\"heading.default\">\n\t\t\t\t\t<h2 class=\"elementor-heading-title elementor-size-default\">Price plans<\/h2>\t\t\t\t<\/div>\n\t\t\t\t<div class=\"elementor-element elementor-element-2e6a1dd9 elementor-widget elementor-widget-heading\" data-id=\"2e6a1dd9\" data-element_type=\"widget\" data-e-type=\"widget\" data-widget_type=\"heading.default\">\n\t\t\t\t\t<h2 class=\"elementor-heading-title elementor-size-default\">Indicative prices for Godo services<\/h2>\t\t\t\t<\/div>\n\t\t\t\t\t<\/div>\n\t\t<\/div>\n\t\t\t\t<div class=\"elementor-column elementor-col-50 elementor-top-column elementor-element elementor-element-6b2155a6\" data-id=\"6b2155a6\" data-element_type=\"column\" data-e-type=\"column\">\n\t\t\t<div class=\"elementor-widget-wrap elementor-element-populated\">\n\t\t\t\t\t\t<div class=\"elementor-element elementor-element-78ed5b7 elementor-widget elementor-widget-image\" data-id=\"78ed5b7\" data-element_type=\"widget\" data-e-type=\"widget\" data-widget_type=\"image.default\">\n\t\t\t\t\t\t\t\t\t\t\t\t\t\t\t<img fetchpriority=\"high\" decoding=\"async\" width=\"800\" height=\"420\" src=\"https:\/\/forms.godo.is\/wp-content\/uploads\/2021\/07\/GO-price-1024x538.png\" class=\"attachment-large size-large wp-image-11387\" alt=\"\" srcset=\"https:\/\/forms.godo.is\/wp-content\/uploads\/2021\/07\/GO-price-1024x538.png 1024w, https:\/\/forms.godo.is\/wp-content\/uploads\/2021\/07\/GO-price-600x315.png 600w, https:\/\/forms.godo.is\/wp-content\/uploads\/2021\/07\/GO-price-300x158.png 300w, https:\/\/forms.godo.is\/wp-content\/uploads\/2021\/07\/GO-price-768x404.png 768w, https:\/\/forms.godo.is\/wp-content\/uploads\/2021\/07\/GO-price.png 1218w\" sizes=\"(max-width: 800px) 100vw, 800px\" \/>\t\t\t\t\t\t\t\t\t\t\t\t\t\t\t<\/div>\n\t\t\t\t\t<\/div>\n\t\t<\/div>\n\t\t\t\t\t<\/div>\n\t\t<\/section>\n\t\t\t\t<section class=\"elementor-section elementor-top-section elementor-element elementor-element-e698931 elementor-section-full_width elementor-section-height-default elementor-section-height-default\" data-id=\"e698931\" data-element_type=\"section\" data-e-type=\"section\" data-settings=\"{&quot;background_background&quot;:&quot;classic&quot;}\">\n\t\t\t\t\t\t<div class=\"elementor-container elementor-column-gap-default\">\n\t\t\t\t\t<div class=\"elementor-column elementor-col-100 elementor-top-column elementor-element elementor-element-ba8cffc\" data-id=\"ba8cffc\" data-element_type=\"column\" data-e-type=\"column\">\n\t\t\t<div class=\"elementor-widget-wrap\">\n\t\t\t\t\t\t\t<\/div>\n\t\t<\/div>\n\t\t\t\t\t<\/div>\n\t\t<\/section>\n\t\t\t\t<section class=\"elementor-section elementor-top-section elementor-element elementor-element-95f2c0e elementor-section-height-min-height elementor-reverse-mobile elementor-section-boxed elementor-section-height-default elementor-section-items-middle\" data-id=\"95f2c0e\" data-element_type=\"section\" data-e-type=\"section\" data-settings=\"{&quot;background_background&quot;:&quot;classic&quot;}\">\n\t\t\t\t\t\t<div class=\"elementor-container elementor-column-gap-default\">\n\t\t\t\t\t<div class=\"elementor-column elementor-col-50 elementor-top-column elementor-element elementor-element-81f5112\" data-id=\"81f5112\" data-element_type=\"column\" data-e-type=\"column\">\n\t\t\t<div class=\"elementor-widget-wrap elementor-element-populated\">\n\t\t\t\t\t\t<div class=\"elementor-element elementor-element-e14891e elementor-widget elementor-widget-heading\" data-id=\"e14891e\" data-element_type=\"widget\" data-e-type=\"widget\" data-widget_type=\"heading.default\">\n\t\t\t\t\t<h2 class=\"elementor-heading-title elementor-size-default\">Pricing for Web &amp; Software solutions<\/h2>\t\t\t\t<\/div>\n\t\t\t\t<div class=\"elementor-element elementor-element-185556f elementor-widget elementor-widget-heading\" data-id=\"185556f\" data-element_type=\"widget\" data-e-type=\"widget\" data-widget_type=\"heading.default\">\n\t\t\t\t\t<h2 class=\"elementor-heading-title elementor-size-default\">We create web and software solutions for you<\/h2>\t\t\t\t<\/div>\n\t\t\t\t\t<\/div>\n\t\t<\/div>\n\t\t\t\t<div class=\"elementor-column elementor-col-50 elementor-top-column elementor-element elementor-element-05c259f\" data-id=\"05c259f\" data-element_type=\"column\" data-e-type=\"column\">\n\t\t\t<div class=\"elementor-widget-wrap elementor-element-populated\">\n\t\t\t\t\t\t<div class=\"elementor-element elementor-element-2d0c3e6 elementor-widget elementor-widget-image\" data-id=\"2d0c3e6\" data-element_type=\"widget\" data-e-type=\"widget\" data-widget_type=\"image.default\">\n\t\t\t\t\t\t\t\t\t\t\t\t\t\t\t<img decoding=\"async\" width=\"800\" height=\"434\" src=\"https:\/\/forms.godo.is\/wp-content\/uploads\/2021\/05\/Price-list-DO-1024x556.png\" class=\"attachment-large size-large wp-image-5215\" alt=\"\" srcset=\"https:\/\/forms.godo.is\/wp-content\/uploads\/2021\/05\/Price-list-DO-1024x556.png 1024w, https:\/\/forms.godo.is\/wp-content\/uploads\/2021\/05\/Price-list-DO-600x326.png 600w, https:\/\/forms.godo.is\/wp-content\/uploads\/2021\/05\/Price-list-DO-300x163.png 300w, https:\/\/forms.godo.is\/wp-content\/uploads\/2021\/05\/Price-list-DO-768x417.png 768w, https:\/\/forms.godo.is\/wp-content\/uploads\/2021\/05\/Price-list-DO.png 1172w\" sizes=\"(max-width: 800px) 100vw, 800px\" \/>\t\t\t\t\t\t\t\t\t\t\t\t\t\t\t<\/div>\n\t\t\t\t\t<\/div>\n\t\t<\/div>\n\t\t\t\t\t<\/div>\n\t\t<\/section>\n\t\t\t\t<section class=\"elementor-section elementor-top-section elementor-element elementor-element-99bfd40 elementor-section-full_width elementor-section-height-default elementor-section-height-default\" data-id=\"99bfd40\" data-element_type=\"section\" data-e-type=\"section\" data-settings=\"{&quot;background_background&quot;:&quot;classic&quot;}\">\n\t\t\t\t\t\t<div class=\"elementor-container elementor-column-gap-default\">\n\t\t\t\t\t<div class=\"elementor-column elementor-col-100 elementor-top-column elementor-element elementor-element-7e95aa3\" data-id=\"7e95aa3\" data-element_type=\"column\" data-e-type=\"column\">\n\t\t\t<div class=\"elementor-widget-wrap\">\n\t\t\t\t\t\t\t<\/div>\n\t\t<\/div>\n\t\t\t\t\t<\/div>\n\t\t<\/section>\n\t\t\t\t<\/div>\n\t\t","protected":false},"excerpt":{"rendered":"<p>Price plans Indicative prices for Godo services PropertyTraviaProntoPrimoSuite Basic Pro Pro+ B\u00f3kunarkerfi B\u00f3kunarv\u00e9l Grei\u00f0slukerfi Topp 5 s\u00f6lur\u00e1sir Travia Sj\u00e1lfvirkar grei\u00f0slur Sj\u00e1lfvirkir p\u00f3star Pronto Basic App \u00d3takmarka\u00f0ar s\u00f6lur\u00e1sir B\u00f3khaldstengingar \u00d3takmarka\u00f0ar tengingar Ney\u00f0ars\u00edmi 24\/7 Vefh\u00fdsing BI greiningart\u00f3l Pronto PRO app Vi\u00f0skiptastj\u00f3ri fr\u00e1 5.990 isk\/m fr\u00e1 19.990 isk\/m Ver\u00f0tilbo\u00f0 Tilbo\u00f0 Tilbo\u00f0 Tilbo\u00f0 Basic B\u00f3kunarkerfi B\u00f3kunarv\u00e9l Grei\u00f0slukerfi Topp 5 [&hellip;]<\/p>\n","protected":false},"author":1,"featured_media":0,"parent":0,"menu_order":0,"comment_status":"closed","ping_status":"closed","template":"","meta":{"footnotes":""},"class_list":["post-9043","page","type-page","status-publish","hentry"],"_links":{"self":[{"href":"https:\/\/forms.godo.is\/en\/wp-json\/wp\/v2\/pages\/9043","targetHints":{"allow":["GET"]}}],"collection":[{"href":"https:\/\/forms.godo.is\/en\/wp-json\/wp\/v2\/pages"}],"about":[{"href":"https:\/\/forms.godo.is\/en\/wp-json\/wp\/v2\/types\/page"}],"author":[{"embeddable":true,"href":"https:\/\/forms.godo.is\/en\/wp-json\/wp\/v2\/users\/1"}],"replies":[{"embeddable":true,"href":"https:\/\/forms.godo.is\/en\/wp-json\/wp\/v2\/comments?post=9043"}],"version-history":[{"count":0,"href":"https:\/\/forms.godo.is\/en\/wp-json\/wp\/v2\/pages\/9043\/revisions"}],"wp:attachment":[{"href":"https:\/\/forms.godo.is\/en\/wp-json\/wp\/v2\/media?parent=9043"}],"curies":[{"name":"wp","href":"https:\/\/api.w.org\/{rel}","templated":true}]}}