{"id":12517,"date":"2021-08-19T06:00:14","date_gmt":"2021-08-19T06:00:14","guid":{"rendered":"https:\/\/forms.godo.is\/betingelser-og-vilkaar\/"},"modified":"2021-08-19T06:00:14","modified_gmt":"2021-08-19T06:00:14","slug":"betingelser-og-vilkaar","status":"publish","type":"page","link":"https:\/\/forms.godo.is\/da\/betingelser-og-vilkaar\/","title":{"rendered":"Betingelser og Vilk\u00e5r"},"content":{"rendered":"\t\t<div data-elementor-type=\"wp-page\" data-elementor-id=\"12517\" class=\"elementor elementor-12517 elementor-12183\" data-elementor-post-type=\"page\">\n\t\t\t\t\t\t<section class=\"elementor-section elementor-top-section elementor-element elementor-element-d17f7ee elementor-section-boxed elementor-section-height-default elementor-section-height-default\" data-id=\"d17f7ee\" data-element_type=\"section\" data-e-type=\"section\">\n\t\t\t\t\t\t<div class=\"elementor-container elementor-column-gap-default\">\n\t\t\t\t\t<div class=\"elementor-column elementor-col-100 elementor-top-column elementor-element elementor-element-a0b69e8\" data-id=\"a0b69e8\" data-element_type=\"column\" data-e-type=\"column\">\n\t\t\t<div class=\"elementor-widget-wrap elementor-element-populated\">\n\t\t\t\t\t\t<div class=\"elementor-element elementor-element-c12a38a elementor-widget elementor-widget-text-editor\" data-id=\"c12a38a\" data-element_type=\"widget\" data-e-type=\"widget\" data-widget_type=\"text-editor.default\">\n\t\t\t\t\t\t\t\t\t<h1><span style=\"font-weight: 400;\">Abonnementsvilk\u00e5r<\/span><\/h1>\n<h2><span style=\"font-weight: 400;\">1 Anvendelse<\/span><\/h2>\n<p><span style=\"font-weight: 400;\">1.1 <\/span> <span style=\"font-weight: 400;\">N\u00e6rv\u00e6rende abonnementsvilk\u00e5r (herefter \u201dVilk\u00e5r\u201d) finder anvendelse for samtlige tilbud, salg, supportaftaler og aftaler mellem Flekaskil ehf. (herefter \u201dGODO\u201d) og kunden (herefter \u201dKunden\u201d), medmindre andet skriftligt er aftalt mellem parterne. Ved uoverensstemmelser mellem nedenn\u00e6vnte vilk\u00e5r og Kundens evt. egne betingelser skal n\u00e6rv\u00e6rende vilk\u00e5r till\u00e6gges forrang, medmindre de afvigende betingelser er accepteret skriftligt at begge parter.\u00a0<\/span><\/p>\n<p>\u00a0<\/p>\n<p><span style=\"font-weight: 400;\">1.2 <\/span> <span style=\"font-weight: 400;\">Det er en foruds\u00e6tning for indg\u00e5else af aftaler mellem GODO og Kunden, at Kunden er en virksomhed med eget CVR-nummer. Kunden indvilliger i at GODO kan sende meddelelser vedr\u00f8rende aftalen via e-mail. Kunden forpligter sig til at s\u00f8rge for, at Kundens kontakt- oplysninger: firmanavn, kontaktpersoner, e-mailadresse og postadresse er opdaterede.<\/span><\/p>\n<h2><span style=\"font-weight: 400;\">2 Aftalegrundlag\u00a0<\/span><\/h2>\n<p><span style=\"font-weight: 400;\">2.1 <\/span> <span style=\"font-weight: 400;\">Et konkret tilbud afgivet af GODO er bindende i 30 dage efter, at tilbuddet er afgivet\/fremsendt skriftligt til Kunden.\u00a0<\/span><\/p>\n<p><span style=\"font-weight: 400;\">2.2 <\/span> <span style=\"font-weight: 400;\">En aftale er f\u00f8rst bindende for GODO n\u00e5r Kunden har modtaget en skriftlig ordrebekr\u00e6ftelse. En ordre optages til den p\u00e5 tidspunktet for GODOs ordrebekr\u00e6ftelse g\u00e6ldende pris. Kunden er forpligtet til umiddelbart efter modtagelse af ordrebekr\u00e6ftelsen at gennemg\u00e5 denne og straks kontakte GODO.\u00a0<\/span><\/p>\n<h2><span style=\"font-weight: 400;\">3 Abonnementets varighed og fakturering\u00a0<\/span><\/h2>\n<p><span style=\"font-weight: 400;\">3.1 <\/span> <span style=\"font-weight: 400;\">Abonnementet tr\u00e6der i kraft ved bestilling og l\u00f8ber indtil det opsiges i overensstemmelse med disse Vilk\u00e5r: Det m\u00e5nedlige gebyr beregnes ud fra status p\u00e5 den sidste dag i m\u00e5neden (antal enheder, salgskanaler). M\u00e5nedlige gebyrer betales den f\u00f8rste arbejdsdag i m\u00e5neden for den kommende m\u00e5ned. Abonnementet betales m\u00e5nedligt, indtil abonnementet opsiges. Den f\u00f8rste faktura modtages i slutningen af \u200b\u200bn\u00e6ste m\u00e5ned.\u00a0<\/span><\/p>\n<h2><span style=\"font-weight: 400;\">4 Abonnementets omfang og anvendelse\u00a0<\/span><\/h2>\n<p><span style=\"font-weight: 400;\">4.1 <\/span> <span style=\"font-weight: 400;\">Kunden opn\u00e5r i overensstemmelse med disse Vilk\u00e5r en ikke-eksklusiv adgang til at anvende de af GODOs systemer, der er indg\u00e5et aftale om. Kunden indest\u00e5r for, og har det fulde ansvar for, de tredjeparter, som Kunden giver adgang til GODOs systemer.\u00a0<\/span><\/p>\n<p><span style=\"font-weight: 400;\">4.2 <\/span> <span style=\"font-weight: 400;\">Med undtagelse af det, der fremg\u00e5r af 4.1 er Kunden ikke berettiget til at overdrage abonnementet til tredjepart.<\/span><\/p>\n<h2><span style=\"font-weight: 400;\">5 Priser og betalingsbetingelser\u00a0<\/span><\/h2>\n<p><span style=\"font-weight: 400;\">5.1 <\/span> <span style=\"font-weight: 400;\">Der tages forbehold for trykfejl i tilbud og ordrebekr\u00e6ftelser.\u00a0<\/span><\/p>\n<p><span style=\"font-weight: 400;\">5.2 <\/span> <span style=\"font-weight: 400;\">Betalingsbetingelser er 14 dage netto fra fakturadato.\u00a0<\/span><\/p>\n<p><span style=\"font-weight: 400;\">5.3<\/span> <span style=\"font-weight: 400;\">Betales fakturaen ikke rettidigt, sendes rykker 1 uden gebyr. Betales fakturaen fortsat ikke, sendes rykker 2 tillagt et gebyr p\u00e5 samlet kr. 400,- der best\u00e5r af et rykkergebyr p\u00e5 kr. 90,- samt et kompensationsgebyr p\u00e5 kr. 310,- if\u00f8lge g\u00e6ldende EU-lovgivning. Ved forsinket betaling herefter, kan GODO sp\u00e6rre Kundens adgang til GODOs systemer. Adgangen til GODOs systemer \u00e5bnes igen efter modtaget betaling medmindre GODO forinden har oph\u00e6vet abonnementet. GODO kan ikke drages til ansvar for driftstab, avancetab eller andet indirekte tab af nogen art der m\u00e5tte henf\u00f8res til den sp\u00e6rrede adgang til GODOs systemer. 5.4<\/span> <span style=\"font-weight: 400;\">Kunden accepterer, at fakturaer og rykkere sendt pr. e-mail til den af Kunden opgivne e-mailadresse skal anses for leverede, n\u00e5r de er afsendt af GODO.\u00a0<\/span><\/p>\n<p><span style=\"font-weight: 400;\">5.5 <\/span> <span style=\"font-weight: 400;\">Pris\u00e6ndringer varsles via e-mail. Alle priser er inkl. moms.\u00a0<\/span><\/p>\n<p><span style=\"font-weight: 400;\">5.6 <\/span> <span style=\"font-weight: 400;\">GODO opkr\u00e6ver et faktureringsgebyr pr. faktura p\u00e5 kr. 49,- medmindre Kunden tilmelder sig Leverand\u00f8rService.\u00a0<\/span><\/p>\n<h2><span style=\"font-weight: 400;\">6 Oph\u00f8r\u00a0<\/span><\/h2>\n<p><span style=\"font-weight: 400;\">6.1<\/span> <span style=\"font-weight: 400;\">Abonnement af GODOs systemer kan opsiges skriftligt via webadressen: info@godo.is. Opsigelsen tr\u00e6der i kraft i begyndelsen af \u200b\u200bn\u00e6ste m\u00e5ned efter meddelelsen.\u00a0<\/span><\/p>\n<p><span style=\"font-weight: 400;\">6.2 <\/span> <span style=\"font-weight: 400;\">GODO kan opsige abonnementet skriftlig med 30 dages varsel til udl\u00f8bet af en m\u00e5ned eller uden varsel ved Kundens v\u00e6sentlige misligholdelse af disse Betingelser, eller ved Kundens konkurs eller insolvens.\u00a0<\/span><\/p>\n<h2><span style=\"font-weight: 400;\">7 Kundens data\u00a0<\/span><\/h2>\n<p><span style=\"font-weight: 400;\">7.1 <\/span> <span style=\"font-weight: 400;\">Parterne er enige om at Kunden ejer og frit kan disponere over egne data i GODOs systemer s\u00e5 l\u00e6nge abonnementet er gyldigt.<\/span><\/p>\n<p><span style=\"font-weight: 400;\">7.2<\/span> <span style=\"font-weight: 400;\">GODO er berettiget til at opbevare Kundens data efter oph\u00f8r med henblik p\u00e5 at anvende disse i anonymiseret form til statistik og analyse.\u00a0<\/span><\/p>\n<h2><span style=\"font-weight: 400;\">8 Driftsstabilitet\u00a0<\/span><\/h2>\n<p><span style=\"font-weight: 400;\">8.1 <\/span> <span style=\"font-weight: 400;\">GODO tilstr\u00e6ber h\u00f8jest mulig driftsstabilitet, men er uden ansvar for nedbrud eller driftsforstyrrelser. Herved forst\u00e5s bl.a. str\u00f8msvigt, fejl p\u00e5 udstyr, internetforbindelse, telefonforbindelser eller force majeure situationer.\u00a0<\/span><\/p>\n<p><span style=\"font-weight: 400;\">8.2 <\/span> <span style=\"font-weight: 400;\">I tilf\u00e6lde af nedbrud eller forstyrrelser tilstr\u00e6ber GODO at genskabe normal drift hurtigst muligt.\u00a0<\/span><\/p>\n<h2><span style=\"font-weight: 400;\">9 \u00c6ndringer\u00a0<\/span><\/h2>\n<p><span style=\"font-weight: 400;\">9.1 <\/span> <span style=\"font-weight: 400;\">GODO er berettiget til l\u00f8bende at foretage opdateringer og forbedringer af software og systemer. S\u00e5danne opdateringer, forbedringer og \u00e6ndringer kan ske med eller uden varsel og kan p\u00e5virke services, herunder informationer og data uploadet til eller afgivet af GODO.\u00a0<\/span><\/p>\n<h2><span style=\"font-weight: 400;\">10 Immaterielle rettigheder\u00a0<\/span><\/h2>\n<p><span style=\"font-weight: 400;\">10.1<\/span> <span style=\"font-weight: 400;\"> I forhold til det materiale, der uploades af Kunden og alle Kundens data, giver Kunden GODO og dennes leverand\u00f8rer, en tilladelse, der er tilstr\u00e6kkelig til at GODO kan afvikle og drifte sine systemer og opfylde sine forpligtelser samt foretage markedsf\u00f8ring over for Kunden. Kunden indest\u00e5r for, at det materiale, der uploades, ikke kr\u00e6nker tredjemands rettigheder.<\/span><\/p>\n<h2><span style=\"font-weight: 400;\">11 Overdragelse\u00a0<\/span><\/h2>\n<p><span style=\"font-weight: 400;\">11.1 <\/span> <span style=\"font-weight: 400;\">Kunden accepterer at GODO er berettiget til at anvende underleverand\u00f8rer i alle forhold, herunder til afvikling og drift af systemer og software og til opbevaring af Kundens data.\u00a0<\/span><\/p>\n<h2><span style=\"font-weight: 400;\">12 GODOs ansvar\u00a0<\/span><\/h2>\n<p><span style=\"font-weight: 400;\">12.1 <\/span> <span style=\"font-weight: 400;\">GODO er ikke ansvarlig for tredjepartsl\u00f8sninger, der er tilg\u00e6ngelige og\/eller integreres med egne systemer. GODO kan s\u00e5ledes ikke holdes ansvarlig for rigtigheden, kvaliteten og p\u00e5lideligheden af informationerne og heller ikke resultaterne som opn\u00e5s gennem disse tredjepartsl\u00f8sninger. Tilsvarende kan GODO ikke holdes ansvarlig for tredjepartsl\u00f8sningernes tilg\u00e6ngelighed, sikkerhed eller funktionalitet, herunder for mulige skader og\/eller tab for\u00e5rsaget af tredjepartsl\u00f8sninger.\u00a0<\/span><\/p>\n<h2><span style=\"font-weight: 400;\">13 Vilk\u00e5rs\u00e6ndringer\u00a0<\/span><\/h2>\n<p><span style=\"font-weight: 400;\">13.1 <\/span> <span style=\"font-weight: 400;\">GODO er berettiget til at \u00e6ndre disse Vilk\u00e5r i enhver henseende. De til enhver tid g\u00e6ldende Vilk\u00e5r vil v\u00e6re tilg\u00e6ngelige p\u00e5 GODOs hjemmeside (staging-godois.kinsta.cloud). GODO tilsigter at give rimeligt varsel i forbindelse med enhver \u00e6ndring. Brug af GODOs systemer efter en \u00e6ndring af disse Vilk\u00e5r udg\u00f8r en accept af s\u00e5danne \u00e6ndrede Vilk\u00e5r. Det er Kundens forpligtelse l\u00f8bende at holde sig opdateret i forhold til \u00e6ndringer af Vilk\u00e5r.\u00a0<\/span><\/p>\n<h2><span style=\"font-weight: 400;\">14 Tavshedspligt og datasikkerhed\u00a0<\/span><\/h2>\n<p><span style=\"font-weight: 400;\">14.2 <\/span> <span style=\"font-weight: 400;\">GODO har tavshedspligt om alle informationer, GODO m\u00e5tte komme i besiddelse af om Kunden, og er ikke berettiget til at videregive s\u00e5danne informationer til tredjemand, medmindre s\u00e5dan information er offentlig tilg\u00e6ngelig, eller hvor GODO er forpligtet til at videregive informationen if\u00f8lge lovgivning eller efter p\u00e5l\u00e6g fra en myndighed eller domstol.\u00a0<\/span><\/p>\n<p>\u00a0<\/p>\n<h2><span style=\"font-weight: 400;\">15 Tvister\u00a0<\/span><\/h2>\n<p><span style=\"font-weight: 400;\">15.1 <\/span> <span style=\"font-weight: 400;\">Klager, der udspringer af abonnementet skal indsendes skriftligt til info@godo.is\u00a0<\/span><\/p>\n<p><span style=\"font-weight: 400;\">15.2 S\u00e5fremt der opst\u00e5r retstvister i henhold til abonnementet, forpligter parterne sig til at indg\u00e5 forhandlinger i god tro. S\u00e5fremt der ikke kan opn\u00e5s en forligsm\u00e6ssig l\u00f8sning efter \u00e9t personligt m\u00f8de, skal tvisten afg\u00f8res efter islandsk ret.\u00a0<\/span><\/p>\n<h2><span style=\"font-weight: 400;\">16 Gyldighed\u00a0<\/span><\/h2>\n<p><span style=\"font-weight: 400;\">16.1 Disse Vilk\u00e5r er gyldige fra xx-xx-2021 og erstatter tidligere vilk\u00e5r.\u00a0<\/span><\/p>\n<h1><span style=\"font-weight: 400;\">Generelle salgsbetingelser\u00a0<\/span><\/h1>\n<h2><span style=\"font-weight: 400;\">1 Anvendelse\u00a0<\/span><\/h2>\n<p><span style=\"font-weight: 400;\">1.1 <\/span> <span style=\"font-weight: 400;\">N\u00e6rv\u00e6rende salgs- support- og leveringsbetingelser finder anvendelse for samtlige tilbud, salg, leverancer, supportaftaler og aftaler i \u00f8vrigt mellem Flekaskil ehf. (herefter ben\u00e6vnt GODO) og k\u00f8ber (herefter ben\u00e6vnt K\u00f8ber), medmindre andet skriftligt er aftalt mellem Parterne. I s\u00e5 fald skal betingelserne i s\u00e5danne skriftlige aftaler have forrang, s\u00e5fremt disse udtrykkeligt fasts\u00e6tter andet end nedenn\u00e6vnte salgs- og leveringsbetingelser.\u00a0<\/span><\/p>\n<p><span style=\"font-weight: 400;\">1.2 <\/span> <span style=\"font-weight: 400;\">Ved uoverensstemmelser mellem nedenn\u00e6vnte salgsbetingelser og K\u00f8bers evt. egne betingelser skal n\u00e6rv\u00e6rende betingelser till\u00e6gges forrang, medmindre de afvigende betingelser er accepteret skriftligt af begge Parter.\u00a0<\/span><\/p>\n<h2><span style=\"font-weight: 400;\">2 Generelt\u00a0<\/span><\/h2>\n<p><span style=\"font-weight: 400;\">2.1 <\/span> <span style=\"font-weight: 400;\">Et konkret tilbud afgivet af GODO er bindende i 30 dage efter, at tilbuddet er afgivet\/fremsendt pr. post, fax eller e-mail til Kunden.\u00a0<\/span><\/p>\n<p><span style=\"font-weight: 400;\">2.2 <\/span> <span style=\"font-weight: 400;\">En aftale er f\u00f8rst bindende for GODO n\u00e5r Kunden har modtaget en skriftlig ordrebekr\u00e6ftelse. Kunden er forpligtet til umiddelbart efter modtagelse af ordrebekr\u00e6ftelsen at gennemg\u00e5 denne og straks kontakte GODO, s\u00e5fremt ordrebekr\u00e6ftelsen ikke stemmer overens med det i \u00f8vrigt mellem parterne aftalte. I modsat fald anses ordrebekr\u00e6ftelsen for bindende med det afgivne indhold.\u00a0<\/span><\/p>\n<h2><span style=\"font-weight: 400;\">3 Priser\u00a0<\/span><\/h2>\n<p><span style=\"font-weight: 400;\">3.1 <\/span> <span style=\"font-weight: 400;\">GODO forbeholder sig ret til, indtil levering har fundet sted, at regulere priserne forholdsm\u00e6ssigt, s\u00e5fremt der sker en stigning i omkostninger forbundet med fragt, forsikring, afgifter, valutakurser eller lignende, som GODO ikke har indflydelse p\u00e5.\u00a0<\/span><\/p>\n<p><span style=\"font-weight: 400;\">3.2 <\/span> <span style=\"font-weight: 400;\">De p\u00e5 ordrebekr\u00e6ftelsen oplyste priser er angivet i danske kroner inkl. moms.<\/span><\/p>\n<p><span style=\"font-weight: 400;\">3.3 <\/span> <span style=\"font-weight: 400;\">S\u00e5fremt GODOs omkostninger for\u00f8ges som f\u00f8lge af K\u00f8bers forhold, er GODO berettiget til at kr\u00e6ve godtg\u00f8relse herfor.\u00a0<\/span><\/p>\n<p><span style=\"font-weight: 400;\">3.4 <\/span> <span style=\"font-weight: 400;\">Pris\u00e6ndringer varsles via e-mail. \u00c6ndringer som kun er til K\u00f8bers fordel, kan tr\u00e6de i kraft uden varsel. Alle priser er inkl. moms.\u00a0<\/span><\/p>\n<h2><span style=\"font-weight: 400;\">4 Produktinformation\u00a0<\/span><\/h2>\n<p><span style=\"font-weight: 400;\">4.1 <\/span> <span style=\"font-weight: 400;\">Der tages forbehold for fejl i og \u00e6ndringer af brochurer, hjemmeside og \u00f8vrigt salgsmateriale. Evt. fejl kan s\u00e5ledes ikke g\u00f8res g\u00e6ldende over for GODO.\u00a0<\/span><\/p>\n<p><span style=\"font-weight: 400;\">4.2 <\/span> <span style=\"font-weight: 400;\">Ligeledes forbeholder GODO sig retten til at foretage konstruktions- og\/eller design\u00e6ndringer p\u00e5 de p\u00e5g\u00e6ldende produkter indtil det aftalte leveringstidspunkt.\u00a0<\/span><\/p>\n<h2><span style=\"font-weight: 400;\">5 Levering\u00a0<\/span><\/h2>\n<p><span style=\"font-weight: 400;\">5.1 <\/span> <span style=\"font-weight: 400;\">GODO er berettiget til at foretage levering gennem en af GODO valgt leverand\u00f8r.\u00a0<\/span><\/p>\n<h2><span style=\"font-weight: 400;\">6 Betaling\u00a0<\/span><\/h2>\n<p><span style=\"font-weight: 400;\">6.1 <\/span> <span style=\"font-weight: 400;\">Det m\u00e5nedlige gebyr beregnes ud fra status p\u00e5 den sidste dag i m\u00e5neden (antal enheder, salgskanaler). M\u00e5nedlige gebyrer betales den f\u00f8rste arbejdsdag i m\u00e5neden for den kommende m\u00e5ned. Abonnementet betales m\u00e5nedligt, indtil abonnementet opsiges. Den f\u00f8rste faktura modtages i slutningen af \u200b\u200bn\u00e6ste m\u00e5ned.<\/span><\/p>\n<p><span style=\"font-weight: 400;\">6.2<\/span> <span style=\"font-weight: 400;\">Betales fakturaen ikke rettidigt, sendes rykker 1 uden gebyr. Betales fakturaen fortsat ikke, sendes rykker 2 tillagt et gebyr p\u00e5 samlet kr. 400,- der best\u00e5r af et rykkergebyr p\u00e5 kr. 90,- samt et kompensationsgebyr p\u00e5 kr. 310,- if\u00f8lge g\u00e6ldende EU-lovgivning. Ved forsinket betaling herefter, kan GODO sp\u00e6rre K\u00f8bers adgang til GODOs systemer. Adgangen til GODOs systemer \u00e5bnes igen efter modtaget betaling medmindre GODO forinden har oph\u00e6vet abonnementet.\u00a0<\/span><\/p>\n<p><span style=\"font-weight: 400;\">6.3 <\/span> <span style=\"font-weight: 400;\">GODO opkr\u00e6ver et faktureringsgebyr pr. faktura p\u00e5 kr. 49,- medmindre K\u00f8ber tilmelder sig Leverand\u00f8rService.\u00a0<\/span><\/p>\n<h2><span style=\"font-weight: 400;\">7 Uforudsete begivenheder\u00a0<\/span><\/h2>\n<p><span style=\"font-weight: 400;\">7.1 <\/span> <span style=\"font-weight: 400;\">Parterne er ikke ansvarlige for manglende service af forhold, som den p\u00e5g\u00e6ldende part ikke er herre over (force majeure), herunder men ikke begr\u00e6nset til krig, opr\u00f8r, brand, offentlige p\u00e5bud, naturforhold, strejker, hackerangreb, eller andet der ligger uden for parternes kontrol.<\/span><\/p>\n<p><span style=\"font-weight: 400;\">7.2 <\/span> <span style=\"font-weight: 400;\">En part skal straks og uden ugrundet ophold skriftligt underrette den anden part, s\u00e5fremt parten \u00f8nsker at p\u00e5ber\u00e5be sig forhold som n\u00e6vnt i pkt. 10.1.\u00a0<\/span><\/p>\n<h2><span style=\"font-weight: 400;\">8 Aftalens oph\u00f8r<\/span><\/h2>\n<p><span style=\"font-weight: 400;\">8.1 <\/span> <span style=\"font-weight: 400;\">Serviceaftalens kan opsiges skriftligt af K\u00f8ber via webadressen: info@godo.is. Opsigelsen tr\u00e6der i kraft i begyndelsen af \u200b\u200bn\u00e6ste m\u00e5ned efter meddelelsen.\u00a0<\/span><\/p>\n<p><span style=\"font-weight: 400;\">8.2 <\/span> <span style=\"font-weight: 400;\">GODO kan opsige abonnementet skriftlig med 30 dages varsel til udl\u00f8bet af en m\u00e5ned eller uden varsel ved K\u00f8bers v\u00e6sentlige misligholdelse af disse Betingelser, eller ved K\u00f8bers konkurs eller insolvens.\u00a0<\/span><\/p>\n<h2><span style=\"font-weight: 400;\">9 Gyldighed\u00a0<\/span><\/h2>\n<p><span style=\"font-weight: 400;\">9.1 <\/span> <span style=\"font-weight: 400;\">Disse Vilk\u00e5r er gyldige fra xx-xx-2021 og erstatter tidligere vilk\u00e5r<\/span><\/p>\n\t\t\t\t\t\t\t\t<\/div>\n\t\t\t\t\t<\/div>\n\t\t<\/div>\n\t\t\t\t\t<\/div>\n\t\t<\/section>\n\t\t\t\t<\/div>\n\t\t","protected":false},"excerpt":{"rendered":"<p>Abonnementsvilk\u00e5r 1 Anvendelse 1.1 N\u00e6rv\u00e6rende abonnementsvilk\u00e5r (herefter \u201dVilk\u00e5r\u201d) finder anvendelse for samtlige tilbud, salg, supportaftaler og aftaler mellem Flekaskil ehf. (herefter \u201dGODO\u201d) og kunden (herefter \u201dKunden\u201d), medmindre andet skriftligt er aftalt mellem parterne. Ved uoverensstemmelser mellem nedenn\u00e6vnte vilk\u00e5r og Kundens evt. egne betingelser skal n\u00e6rv\u00e6rende vilk\u00e5r till\u00e6gges forrang, medmindre de afvigende betingelser er accepteret skriftligt [&hellip;]<\/p>\n","protected":false},"author":2,"featured_media":0,"parent":0,"menu_order":0,"comment_status":"closed","ping_status":"closed","template":"","meta":{"footnotes":""},"class_list":["post-12517","page","type-page","status-publish","hentry"],"_links":{"self":[{"href":"https:\/\/forms.godo.is\/da\/wp-json\/wp\/v2\/pages\/12517","targetHints":{"allow":["GET"]}}],"collection":[{"href":"https:\/\/forms.godo.is\/da\/wp-json\/wp\/v2\/pages"}],"about":[{"href":"https:\/\/forms.godo.is\/da\/wp-json\/wp\/v2\/types\/page"}],"author":[{"embeddable":true,"href":"https:\/\/forms.godo.is\/da\/wp-json\/wp\/v2\/users\/2"}],"replies":[{"embeddable":true,"href":"https:\/\/forms.godo.is\/da\/wp-json\/wp\/v2\/comments?post=12517"}],"version-history":[{"count":0,"href":"https:\/\/forms.godo.is\/da\/wp-json\/wp\/v2\/pages\/12517\/revisions"}],"wp:attachment":[{"href":"https:\/\/forms.godo.is\/da\/wp-json\/wp\/v2\/media?parent=12517"}],"curies":[{"name":"wp","href":"https:\/\/api.w.org\/{rel}","templated":true}]}}